{"id":1052,"date":"2018-11-21T12:06:07","date_gmt":"2018-11-21T10:06:07","guid":{"rendered":"https:\/\/ceccararad.ro\/ro\/?page_id=1052"},"modified":"2022-02-11T18:59:32","modified_gmt":"2022-02-11T16:59:32","slug":"formulare","status":"publish","type":"page","link":"https:\/\/ceccarcaras.ro\/ro\/membri\/sunt-membru-ceccar\/formulare\/","title":{"rendered":"Formulare membri persoane fizice"},"content":{"rendered":"<section   class=\"fw-main-row  auto  fw-section-position-back\"    >\n\t\t\t<div class=\"fw-container\" >\n\t\t<div class=\"fw-row\">\n\t<div id=\"column-69e600efc707b\" class=\"fw-col-sm-12 tf-sh-4bf7de7076824fb4c351a6d1039d0743\" >\n\t<div class=\"fw-wrap-col-inner clearfix  \"   >\n\t\t\t\t<div class=\"fw-col-inner\">\n\t\t\t<div class=\"fw-text-box tf-sh-b4a496c23a94b122350f1c9e2210e50c \" >\n\t<div class=\"fw-text-inner\">\n\t\t<p><strong><span style=\"font-size: 12pt;\">Formulare membri persoane fizice<\/span><\/strong><\/p>\n<p><a href=\"https:\/\/ceccarcaras.ro\/ro\/wp-content\/uploads\/2022\/02\/Model-decl.-pt.membru-CF-2022-1.doc\">DECLARA\u0162IE DE CANDIDATUR\u0102 pentru func\u0163ia de membru \u00een Consiliul filialei<\/a><\/p>\n<p><a href=\"https:\/\/ceccarcaras.ro\/ro\/wp-content\/uploads\/2022\/02\/Model-decl.pt_.-membru-CD-2022-1.doc\">DECLARA\u0162IE DE CANDIDATUR\u0102 pentru func\u0163ia de membru \u00een Comisia de disciplin\u0103 a filialei<\/a><\/p>\n<p><a href=\"https:\/\/ceccarcaras.ro\/ro\/wp-content\/uploads\/2022\/02\/Model-decl.pt_.-Pres.CD-2022-1.doc\">DECLARA\u0162IE DE CANDIDATUR\u0102 pentru func\u0163ia de presedinte al Comisiei de disciplin\u0103 a filialei<\/a><\/p>\n\t<\/div>\n<\/div><div class=\"fw-divider-space space-sm  clearfix\"  ><\/div><div class=\"tf-sh-435841a89aa1e8b5e1a52a967d0eb145 fw-tabs fw-tabs-minimal fw-tabs-top \" >\n\t<ul class=\"nav nav-tabs nav-justified\">\n\t\t\t\t\t<li class=\"active\">\n\t\t\t\t<a href=\"#tab-cont-435841a89aa1e8b5e1a52a967d0eb145-1\" data-toggle=\"tab\">\n\t\t\t\t\t\n\t\t\t\t\t\t\t\t\t\t<span>Persoane fizice<\/span>\n\t\t\t\t<\/a>\n\t\t\t<\/li>\n\t\t\t\t\t\t<\/ul>\n\n\t<div class=\"tab-content clearfix\">\n\t\t\t\t\t<div id=\"tab-cont-435841a89aa1e8b5e1a52a967d0eb145-1\"\n\t\t\t     class=\"tab-pane fade in active\">\n\t\t\t\t\n\t\t\t\t\t\t\t\t\t<ul><li><a href=\"https:\/\/ceccarcaras.ro\/ro\/wp-content\/uploads\/2019\/10\/13-PF-DeclaratieAsigurareProfesionala.pdf\">Declaratie privind polita de asigurare<\/a><\/li><li><a href=\"https:\/\/ceccarcaras.ro\/ro\/wp-content\/uploads\/2021\/02\/declaratie-cazier.pdf\">Declaratie cazier PF<\/a><\/li><li><a href=\"https:\/\/ceccarcaras.ro\/ro\/wp-content\/uploads\/2019\/03\/Declaratie-capacitate-deplina.pdf\" target=\"_blank\" rel=\"noopener\">Declaratie de capacitate de exercitiu deplina<\/a><\/li><li><a href=\"https:\/\/ceccarcaras.ro\/ro\/wp-content\/uploads\/2019\/11\/inscrierepf.pdf\">Formulare \u00eenscriere \u00een Tablou persoane fizice<\/a><\/li><li><a href=\"https:\/\/ceccarcaras.ro\/ro\/wp-content\/uploads\/2019\/03\/contract-cadru-de-prestari-servicii-financiar-contabile-1.doc\" target=\"_blank\" rel=\"noopener\">Contract cadru de prestari servicii financiare<\/a><\/li><li><a href=\"https:\/\/ceccar.ro\/ro\/wp-content\/uploads\/2021\/01\/Declaratia-de-candidatura-Presedinte-CECCAR-2021-.doc\">Declara\u021bie de candidatur\u0103 pentru func\u0163ia de pre\u0219edinte al Consiliului superior al CECCAR<\/a><\/li><li><a href=\"https:\/\/ceccarcaras.ro\/ro\/wp-content\/uploads\/2021\/02\/RAPORT-PF.pdf\" target=\"_blank\" rel=\"noopener\">RAPORT PF<\/a><\/li><\/ul>\t\t\t\t\t\t\t<\/div>\n\t\t\t\t<\/div>\n<\/div><div class=\"fw-divider-space space-sm  clearfix\"  ><\/div>\t\t<\/div>\n\t<\/div>\n<\/div><\/div>\n\n\t<\/div>\n\t<\/section>\n","protected":false},"excerpt":{"rendered":"<p>Formulare membri persoane fizice DECLARA\u0162IE DE CANDIDATUR\u0102 pentru func\u0163ia de membru \u00een Consiliul filialei DECLARA\u0162IE DE CANDIDATUR\u0102 pentru func\u0163ia de membru \u00een Comisia de disciplin\u0103 a filialei DECLARA\u0162IE DE CANDIDATUR\u0102 pentru func\u0163ia de presedinte al [&hellip;]<\/p>\n","protected":false},"author":1,"featured_media":0,"parent":310,"menu_order":0,"comment_status":"closed","ping_status":"closed","template":"visual-builder-template.php","meta":{"footnotes":""},"class_list":["post-1052","page","type-page","status-publish","hentry"],"_links":{"self":[{"href":"https:\/\/ceccarcaras.ro\/ro\/wp-json\/wp\/v2\/pages\/1052","targetHints":{"allow":["GET"]}}],"collection":[{"href":"https:\/\/ceccarcaras.ro\/ro\/wp-json\/wp\/v2\/pages"}],"about":[{"href":"https:\/\/ceccarcaras.ro\/ro\/wp-json\/wp\/v2\/types\/page"}],"author":[{"embeddable":true,"href":"https:\/\/ceccarcaras.ro\/ro\/wp-json\/wp\/v2\/users\/1"}],"replies":[{"embeddable":true,"href":"https:\/\/ceccarcaras.ro\/ro\/wp-json\/wp\/v2\/comments?post=1052"}],"version-history":[{"count":19,"href":"https:\/\/ceccarcaras.ro\/ro\/wp-json\/wp\/v2\/pages\/1052\/revisions"}],"predecessor-version":[{"id":5572,"href":"https:\/\/ceccarcaras.ro\/ro\/wp-json\/wp\/v2\/pages\/1052\/revisions\/5572"}],"up":[{"embeddable":true,"href":"https:\/\/ceccarcaras.ro\/ro\/wp-json\/wp\/v2\/pages\/310"}],"wp:attachment":[{"href":"https:\/\/ceccarcaras.ro\/ro\/wp-json\/wp\/v2\/media?parent=1052"}],"curies":[{"name":"wp","href":"https:\/\/api.w.org\/{rel}","templated":true}]}}