{"id":1054,"date":"2018-11-21T12:06:50","date_gmt":"2018-11-21T10:06:50","guid":{"rendered":"https:\/\/ceccararad.ro\/ro\/?page_id=1054"},"modified":"2025-01-17T09:13:52","modified_gmt":"2025-01-17T07:13:52","slug":"taxe-si-cotizatii-2","status":"publish","type":"page","link":"https:\/\/ceccarcaras.ro\/ro\/membri\/sunt-membru-ceccar\/taxe-si-cotizatii-2\/","title":{"rendered":"Obtinere viza"},"content":{"rendered":"<section   class=\"fw-main-row  auto  fw-section-position-back\"    >\n\t\t\t<div class=\"fw-container\" >\n\t\t<div class=\"fw-row\">\n\t<div id=\"column-69e602ca2792b\" class=\"fw-col-sm-12 tf-sh-4bf7de7076824fb4c351a6d1039d0743\" >\n\t<div class=\"fw-wrap-col-inner clearfix  \"   >\n\t\t\t\t<div class=\"fw-col-inner\">\n\t\t\t<div class=\"fw-text-box tf-sh-b4a496c23a94b122350f1c9e2210e50c \" >\n\t<div class=\"fw-text-inner\">\n\t\t<p><strong><span style=\"font-size: 12pt;\">Informa\u021bii ob\u021binere viz\u0103, taxe \u0219i cotiza\u021bii profesionale<br \/><\/span><\/strong><\/p>\n\t<\/div>\n<\/div><div class=\"fw-divider-space space-sm  clearfix\"  ><\/div><div class=\"tf-sh-435841a89aa1e8b5e1a52a967d0eb145 fw-tabs fw-tabs-minimal fw-tabs-top \" >\n\t<ul class=\"nav nav-tabs nav-justified\">\n\t\t\t\t\t<li class=\"active\">\n\t\t\t\t<a href=\"#tab-cont-435841a89aa1e8b5e1a52a967d0eb145-1\" data-toggle=\"tab\">\n\t\t\t\t\t\n\t\t\t\t\t\t\t\t\t\t<span>Taxele de \u00eenscriere \u00een Tabloul Corpului <\/span>\n\t\t\t\t<\/a>\n\t\t\t<\/li>\n\t\t\t\t\t\t\t\t<li >\n\t\t\t\t<a href=\"#tab-cont-435841a89aa1e8b5e1a52a967d0eb145-2\" data-toggle=\"tab\">\n\t\t\t\t\t\n\t\t\t\t\t\t\t\t\t\t<span>Cotizatii profesionale anuale<\/span>\n\t\t\t\t<\/a>\n\t\t\t<\/li>\n\t\t\t\t\t\t\t\t<li >\n\t\t\t\t<a href=\"#tab-cont-435841a89aa1e8b5e1a52a967d0eb145-3\" data-toggle=\"tab\">\n\t\t\t\t\t\n\t\t\t\t\t\t\t\t\t\t<span>Declaratii necesare obtinerii vizei<\/span>\n\t\t\t\t<\/a>\n\t\t\t<\/li>\n\t\t\t\t\t\t\t\t<li >\n\t\t\t\t<a href=\"#tab-cont-435841a89aa1e8b5e1a52a967d0eb145-4\" data-toggle=\"tab\">\n\t\t\t\t\t\n\t\t\t\t\t\t\t\t\t\t<span>Rapoarte anuale de activitate<\/span>\n\t\t\t\t<\/a>\n\t\t\t<\/li>\n\t\t\t\t\t\t\t\t<li >\n\t\t\t\t<a href=\"#tab-cont-435841a89aa1e8b5e1a52a967d0eb145-5\" data-toggle=\"tab\">\n\t\t\t\t\t\n\t\t\t\t\t\t\t\t\t\t<span>Reglement\u0103ri privind acordarea vizei \u015fi plata cotiza\u0163iilor profesionale<\/span>\n\t\t\t\t<\/a>\n\t\t\t<\/li>\n\t\t\t\t\t\t<\/ul>\n\n\t<div class=\"tab-content clearfix\">\n\t\t\t\t\t<div id=\"tab-cont-435841a89aa1e8b5e1a52a967d0eb145-1\"\n\t\t\t     class=\"tab-pane fade in active\">\n\t\t\t\t\n\t\t\t\t\t\t\t\t\t<ul><li style=\"text-align: justify;\">exper\u021bi contabili: 40 Euro<\/li><li style=\"text-align: justify;\">contabili autoriza\u021bi: 20 Euro<\/li><li style=\"text-align: justify;\">societ\u0103\u021bi expertiz\u0103 cu capital autohton: 150 Euro<\/li><li style=\"text-align: justify;\">societ\u0103\u021bi de contabilitate cu capital autohton: 125 Euro<\/li><li style=\"text-align: justify;\">societ\u0103\u021bi cu capital mixt: 400 Euro<\/li><li style=\"text-align: justify;\">societ\u0103\u021bi cu capital str\u0103in: 500 Euro<\/li><\/ul>\t\t\t\t\t\t\t<\/div>\n\t\t\t\t\t\t<div id=\"tab-cont-435841a89aa1e8b5e1a52a967d0eb145-2\"\n\t\t\t     class=\"tab-pane fade \">\n\t\t\t\t\n\t\t\t\t\t\t\t\t\t<table width=\"984\"><tbody><tr><td style=\"text-align: center;\" width=\"666\"><strong>COTIZATII PROFESIONALE<\/strong><\/td><td style=\"text-align: center;\" width=\"90\"><strong>Cuantumul cotizatiilor la plata integrala pana la <\/strong><strong>29 februarie 2024<\/strong><\/td><td style=\"text-align: center;\" width=\"108\"><strong>Cuantumul cotizatiilor la plata integrala in perioada 01.03.2024 - <\/strong><strong>30.09.2024<\/strong><\/td><td style=\"text-align: center;\" width=\"120\"><strong>Penalitati calculate la soldul din cotizatia fixa in perioada 01.10.2024 - 31.12.2024<\/strong><\/td><\/tr><tr><td width=\"666\"><strong>Experti contabili \u2013 cotizatii fixe<\/strong><\/td><td width=\"90\"><\/td><td width=\"108\"><\/td><td rowspan=\"19\" width=\"120\">&nbsp;<\/p><p>&nbsp;<\/p><p>&nbsp;<\/p><p>&nbsp;<\/p><p>&nbsp;<\/p><p>&nbsp;<\/p><p>&nbsp;<\/p><p>&nbsp;<\/p><p>&nbsp;<\/p><p>&nbsp;<\/p><p>&nbsp;<\/p><p style=\"text-align: center;\">Penalitate 25% calculata la soldul cotizatiei fixe la 30 septembrie<\/p><\/td><\/tr><tr><td width=\"666\">Liber profesionisti (cu viza si parafa)<\/td><td style=\"text-align: center;\" width=\"90\">700<\/td><td style=\"text-align: center;\" width=\"108\">800<\/td><\/tr><tr><td width=\"666\">Angajati in alte entitati decat cele membre CECCAR, care <strong>nu<\/strong> exercita profesia (fara viza si fara parafa)<\/td><td style=\"text-align: center;\" width=\"90\">500<\/td><td style=\"text-align: center;\" width=\"108\">600<\/td><\/tr><tr><td width=\"666\">Administratori\/asociati in societati membre CECCAR, care exercita profesia atat individual cat si prin societate (cu viza si parafa)<\/td><td style=\"text-align: center;\" width=\"90\">600<\/td><td style=\"text-align: center;\" width=\"108\">800<\/td><\/tr><tr><td width=\"666\">Administratori\/asociati in societati membre CECCAR care <strong>nu <\/strong>exercita individual profesia, ci numai prin societate (cu viza si fara parafa)<\/td><td style=\"text-align: center;\" width=\"90\">500<\/td><td style=\"text-align: center;\" width=\"108\">600<\/td><\/tr><tr><td width=\"666\">Angajati in societati membre CECCAR cu norma intreaga, care exercita si individual profesia (cu viza si parafa)<\/td><td style=\"text-align: center;\" width=\"90\">700<\/td><td style=\"text-align: center;\" width=\"108\">800<\/td><\/tr><tr><td width=\"666\">Angajati in societati membre CECCAR cu norma intreaga care <strong>nu<\/strong> exercita individual profesia (fara viza si fara parafa)<\/td><td style=\"text-align: center;\" width=\"90\">400<\/td><td style=\"text-align: center;\" width=\"108\">500<\/td><\/tr><tr><td width=\"666\"><strong>Contabili autorizati\u2013 cotizatii fixe<\/strong><\/td><td style=\"text-align: center;\" width=\"90\"><\/td><td style=\"text-align: center;\" width=\"108\"><\/td><\/tr><tr><td width=\"666\">Liber profesionisti (cu viza si parafa)<\/td><td style=\"text-align: center;\" width=\"90\">570<\/td><td style=\"text-align: center;\" width=\"108\">670<\/td><\/tr><tr><td width=\"666\">Angajati in alte entitati decat cele membre CECCAR, care <strong>nu<\/strong> exercita profesia (fara viza si fara parafa)<\/td><td style=\"text-align: center;\" width=\"90\">300<\/td><td style=\"text-align: center;\" width=\"108\">400<\/td><\/tr><tr><td width=\"666\">Administratori\/asociati in societati membre CECCAR, care exercita profesia atat individual cat si prin societate (cu viza si parafa)<\/td><td style=\"text-align: center;\" width=\"90\">570<\/td><td style=\"text-align: center;\" width=\"108\">670<\/td><\/tr><tr><td width=\"666\">Administratori\/asociati in societati membre CECCAR care <strong>nu <\/strong>exercita individual profesia, ci numai prin societate (cu viza si fara parafa)<\/td><td style=\"text-align: center;\" width=\"90\">300<\/td><td style=\"text-align: center;\" width=\"108\">400<\/td><\/tr><tr><td width=\"666\">Angajati in societati membre CECCAR cu norma intreaga, care exercita si individual profesia (cu viza si parafa)<\/td><td style=\"text-align: center;\" width=\"90\">570<\/td><td style=\"text-align: center;\" width=\"108\">670<\/td><\/tr><tr><td width=\"666\">Angajati in societati membre CECCAR cu norma intreaga care <strong>nu<\/strong> exercita individual profesia (fara viza si fara parafa)<\/td><td style=\"text-align: center;\" width=\"90\">250<\/td><td style=\"text-align: center;\" width=\"108\">350<\/td><\/tr><tr><td width=\"666\"><strong>Societati de expertiza contabila si societati de contabilitate \u2013 cotizatii fixe<\/strong><\/td><td style=\"text-align: center;\" width=\"90\"><\/td><td style=\"text-align: center;\" width=\"108\"><\/td><\/tr><tr><td width=\"666\">Cu cifra totala de afaceri sub 100.000 euro<\/td><td style=\"text-align: center;\" width=\"90\">700<\/td><td style=\"text-align: center;\" width=\"108\">700<\/td><\/tr><tr><td width=\"666\">Cu cifra totala de afaceri peste 100.000 euro<\/td><td style=\"text-align: center;\" width=\"90\">800<\/td><td style=\"text-align: center;\" width=\"108\">800<\/td><\/tr><tr><td width=\"666\">Experti contabili si contabili autorizati inactivi \u2013 prezentare anuala adeverinta de incadrare in lege speciala (imposibilitate practicare profesie)<\/td><td style=\"text-align: center;\" width=\"90\">150<\/td><td style=\"text-align: center;\" width=\"108\">250<\/td><\/tr><tr><td width=\"666\">Membri aflati in concediu de crestere copil, a concediului de acomodare a minorului sau detasare\/angajare in strainatate \u2013 prezentare documentatie necesara de incadrare in aceasta categorie<\/td><td style=\"text-align: center;\" width=\"90\">150<\/td><td style=\"text-align: center;\" width=\"108\">250<\/td><\/tr><tr><td width=\"666\">Cotizatia variabila experti contabili, contabili autorizati si societati<\/td><td style=\"text-align: center;\" width=\"90\">0.75%<\/td><td style=\"text-align: center;\" width=\"108\">1.20%<\/td><td width=\"120\"><\/td><\/tr><tr><td colspan=\"4\" width=\"984\">Membri de onoare\/Presedintii de onoare sunt scutiti de cotizatia fixa doar daca acestia nu-si exercita profesia ca individual sau prin intermediul unei societati de expertiza sau societati de contabilitate cu viza anuala de exercitare a profesiei<\/td><\/tr><tr><td colspan=\"4\" width=\"984\">In cazul in care membrii Corpului \u2013persoane fizice, societati de expertiza contabila si societati de contabilitate, nu depun Declaratia privind modul de exercitare a profesiei pe anul in curs pana la 30 septembrie a anului curent, acestia vor fi debitati cu urmatoarele cotizatii:<\/p><p>-800 lei\/an pentru persoanele fizice;<\/p><p>-800 lei\/an pentru persoanele juridice, societati de contabilitate sau societati de expertiza contabila.<\/p><p>Suplimentar fata de sumele de mai sus se vor calcula penalitati de 25 %.<\/td><\/tr><tr><td colspan=\"4\" width=\"984\"><strong>Membri experti contabili si contabili autorizati care achita cotizatia fixa anuala, beneficiaza gratuit, doar pentru anul aferent cotizatiei, de cursurile de pregatire profesionala continua.<\/strong><\/td><\/tr><\/tbody><\/table>\t\t\t\t\t\t\t<\/div>\n\t\t\t\t\t\t<div id=\"tab-cont-435841a89aa1e8b5e1a52a967d0eb145-3\"\n\t\t\t     class=\"tab-pane fade \">\n\t\t\t\t\n\t\t\t\t\t\t\t\t\t<ul><li><a href=\"https:\/\/ceccarcaras.ro\/ro\/wp-content\/uploads\/2019\/11\/13-PF-DeclaratieAsigurareProfesionala.pdf\">Declaratie privind polita de asigurare<\/a><\/li><li><a href=\"https:\/\/ceccarcaras.ro\/ro\/wp-content\/uploads\/2019\/03\/Declaratie-cazier.pdf\" target=\"_blank\" rel=\"noopener\">Declaratie cazier<\/a><\/li><li><a href=\"https:\/\/ceccarcaras.ro\/ro\/wp-content\/uploads\/2019\/03\/Declaratie-capacitate-deplina.pdf\" target=\"_blank\" rel=\"noopener\">Declaratie de capacitate de exercitiu deplina<\/a><\/li><\/ul>\t\t\t\t\t\t\t<\/div>\n\t\t\t\t\t\t<div id=\"tab-cont-435841a89aa1e8b5e1a52a967d0eb145-4\"\n\t\t\t     class=\"tab-pane fade \">\n\t\t\t\t\n\t\t\t\t\t\t\t\t\t<p style=\"text-align: justify;\">Reg\u0103si\u021bi mai jos formularul Raport de activitate pentru anul 2024, cu men\u021biunea c\u0103 acesta se va completa electronic \u0219i <strong>se va depune exclusiv on-line \u00een platforma <a href=\"https:\/\/raport.ceccar.ro\">raport.ceccar.ro<\/a>, utiliz\u00e2nd acelea\u0219i date de logare comunicate \u00een anul 2018.\u00a0<\/strong>\u00a0Raportul se consider\u0103 \u00eenc\u0103rcat dup\u0103 finalizarea tuturor pa\u0219ilor \u0219i emiterea confirm\u0103rii de \u00eenc\u0103rcare.<\/p><h1 style=\"text-align: left;\"><span style=\"font-family: georgia, palatino, serif; font-size: 24pt;\">Instituirea Notei de plat\u0103 pentru plata cotiza\u021biilor<\/span><\/h1><p style=\"text-align: justify;\">CECCAR a instituit Nota de plat\u0103, document generat de platforma\u00a0<a title=\"raport.ceccar.ro\" href=\"https:\/\/raport.ceccar.ro\/\" target=\"_blank\" rel=\"noopener\">raport.ceccar.ro<\/a>\u00a0dup\u0103 \u00eenc\u0103rcarea raportului \u00een platform\u0103.<\/p><p style=\"text-align: justify;\">Cotiza\u021biile fixe \u0219i variabile se achit\u0103 prin transfer bancar, \u00een baza Notei de plat\u0103 generate dup\u0103 \u00eenc\u0103rcarea raportului de activitate \u00een platform\u0103. \u00cen situa\u021bii excep\u021bionale, plata se poate face numerar la sediul filialei CECCAR de care apar\u021bine\u021bi, \u00een baza Notei de plat\u0103.<\/p><div class=\"wp-block-buttons is-content-justification-center is-layout-flex wp-container-core-buttons-is-layout-1 wp-block-buttons-is-layout-flex\" style=\"text-align: justify;\"><div class=\"wp-block-button\"><a class=\"wp-block-button__link has-background has-text-align-center wp-element-button\" href=\"https:\/\/ceccar.ro\/ro\/wp-content\/uploads\/2025\/01\/Nota-de-plata.jpg\" target=\"_blank\" rel=\"noreferrer noopener\">Vezi model not\u0103 de plat\u0103 generat\u0103<\/a><\/div><div><\/div><\/div><p>Pentru o corect\u0103 eviden\u021b\u0103 \u00een contul de membru a pl\u0103\u021bilor efectuate, este necesar s\u0103 completa\u021bi urm\u0103toarele detalii \u00een momentul efectu\u0103rii pl\u0103\u021bii:<br \/>\u2022\u2003\u2003 SERIA \u0219i NUM\u0102RUL Notei de plat\u0103, pe care le ve\u021bi reg\u0103si \u00een col\u021bul din st\u00e2nga sus al Notei de plat\u0103;<br \/>\u0219i<br \/>\u2022\u2003\u2003CODUL DE IDENTIFICARE PROFESIONAL\u0102 (CIP), pe care \u00eel reg\u0103si\u021bi \u00een partea de jos a Notei de plat\u0103.<\/p><p style=\"text-align: justify;\">Plata cotiza\u021biilor f\u0103r\u0103 ca Nota de plat\u0103 s\u0103 fie generat\u0103 de platform\u0103 (\u00een baza raportului \u00eenc\u0103rcat) \u0219i f\u0103r\u0103 men\u021bionarea detaliilor specificate mai sus poate conduce la dificult\u0103\u021bi privind asocierea pl\u0103\u021bilor \u00een contul membrului \u00een numele c\u0103ruia a fost efectuat\u0103 plata. Aceasta poate genera o viciere a eviden\u021bei financiare a membrului la nivelul CECCAR.<\/p><p style=\"text-align: justify;\">Sumele achitate \u00een avans<\/p><p style=\"text-align: justify;\">Sumele achitate \u00een avans p\u00e2n\u0103 ast\u0103zi, 15 ianuarie (inclusiv), nu se reg\u0103sesc \u00een suma \u00eenscris\u0103 \u00een Nota de plat\u0103 generat\u0103 la depunerea raportului de activitate. \u00cen aceste situa\u021bii se va achita doar diferen\u021ba r\u0103mas\u0103 de plat\u0103 \u0219i nu suma \u00eenscris\u0103 \u00een Nota de plat\u0103.<\/p><p style=\"text-align: justify;\">\u00cencep\u00e2nd cu 16 ianuarie 2025, plata sumelor sub form\u0103 de avans se va face EXCLUSIV \u00ceN BAZA NOTEI DE PLAT\u0102 generate de platform\u0103. \u00cenregistrarea unui avans \u0219i generarea Notei de plat\u0103 se pot face acces\u00e2nd butonul\u00a0<strong>Avans<\/strong>\u00a0din contul de membru din platforma raport.ceccar.ro.<\/p><p style=\"text-align: justify;\">Pl\u0103\u021bile efectuate pentru mai mul\u021bi membri<\/p><p style=\"text-align: justify;\">Pentru o corect\u0103 eviden\u021b\u0103 a pl\u0103\u021bilor \u00eenregistrate, v\u0103 recomand\u0103m s\u0103 evita\u021bi efectuarea unei singure pl\u0103\u021bi pentru mai mul\u021bi membri (de exemplu, o societate care achit\u0103 pentru administratorii\/asocia\u021bii\/angaja\u021bii s\u0103i). \u00cen astfel de situa\u021bii se va efectua c\u00e2te o plat\u0103 pentru fiecare membru, conform fiec\u0103rei Note de plat\u0103 generate.<\/p><h1 style=\"text-align: justify;\"><span style=\"font-family: georgia, palatino, serif; font-size: 24pt;\">Facilit\u0103\u021bi financiare la plata cotiza\u021biilor<\/span><\/h1><p style=\"text-align: justify;\">Facilit\u0103\u021bile financiare la plata cotiza\u021biilor pentru anul 2025 r\u0103m\u00e2n la nivelul anului 2024, cu excep\u021bia\u00a0<a title=\"membrilor inactivi\" href=\"https:\/\/ceccar.ro\/ro\/?p=32849\" target=\"_blank\" rel=\"noopener\">membrilor inactivi<\/a>.<\/p><p style=\"text-align: justify;\">Pentru a beneficia de aplicarea facilit\u0103\u021bilor financiare, membrii CECCAR trebuie s\u0103 \u00eendeplineasc\u0103 cumulativ condi\u021biile impuse de reglement\u0103rile CECCAR, inclusiv s\u0103 achite cotiza\u021bia conform Notei de plat\u0103, p\u00e2n\u0103 la data de 28 februarie 2025 (recomandat p\u00e2n\u0103 la ora 22.00) \u0219i s\u0103\u00a0finalizeze\u00a0procesul\u00a0de depunere a Raportului de activitate \u00een platform\u0103 p\u00e2n\u0103 la data de 28 februarie 2025, ora 23.59.<\/p><p style=\"text-align: justify;\"><strong>Termenul limit\u0103 de depunere a raportului de activitate este 28 februarie 2025.<\/strong><\/p><ul style=\"text-align: justify;\"><li style=\"text-align: justify;\"><strong><a href=\"https:\/\/ceccarcaras.ro\/ro\/wp-content\/uploads\/2019\/03\/INSTRUCTIUNI-DE-COMPLETARE-PF_compressed.pdf\" target=\"_blank\" rel=\"noopener noreferrer\">Instructiuni de completare PF<\/a><\/strong><\/li><li style=\"text-align: justify;\"><strong><a href=\"https:\/\/ceccarcaras.ro\/ro\/wp-content\/uploads\/2019\/03\/INSTRUCTIUNI-DE-COMPLETARE-PJ_compressed.pdf\" target=\"_blank\" rel=\"noopener noreferrer\">Instructiuni de completare PJ<\/a><\/strong><\/li><\/ul><p style=\"text-align: justify;\">Administratorii\/Asociatii din cadrul societatilor autorizate trebuie sa depuna Raport de activitate atat\u00a0pe societate cat si ca persoana fizica!<\/p>\t\t\t\t\t\t\t<\/div>\n\t\t\t\t\t\t<div id=\"tab-cont-435841a89aa1e8b5e1a52a967d0eb145-5\"\n\t\t\t     class=\"tab-pane fade \">\n\t\t\t\t\n\t\t\t\t\t\t\t\t\t<ul><li><a href=\"https:\/\/ceccarcaras.ro\/ro\/wp-content\/uploads\/2024\/04\/Metodologia-de-acordare-a-vizei-anuale-pentru-exercitarea-profesiei-2019-cu-modificari-aprobate-2023.pdf\">Metodologia-de-acordare-a-vizei-anuale-pentru-exercitarea-profesiei-2019 cu modificari aprobate 2023<\/a><\/li><li><a href=\"https:\/\/ceccarcaras.ro\/ro\/wp-content\/uploads\/2024\/04\/Sistemul-de-cotizatii-cu-modificari-aprobate-2023.pdf\">Sistemul de cotiza\u0163ii \u00een cadrul CECCAR -cu modificari aprobate in 2023<\/a><\/li><li><a href=\"https:\/\/ceccarcaras.ro\/ro\/wp-content\/uploads\/2019\/11\/Metodolog_stabilire-cotizatii-membru.pdf\">Metodologia de stabilire a cotiza\u0163iilor de membru<\/a><\/li><\/ul>\t\t\t\t\t\t\t<\/div>\n\t\t\t\t<\/div>\n<\/div><div class=\"fw-divider-space space-sm  clearfix\"  ><\/div>\t\t<\/div>\n\t<\/div>\n<\/div><\/div>\n\n\t<\/div>\n\t<\/section>\n","protected":false},"excerpt":{"rendered":"<p>Informa\u021bii ob\u021binere viz\u0103, taxe \u0219i cotiza\u021bii profesionale Taxele de \u00eenscriere \u00een Tabloul Corpului Cotizatii profesionale anuale Declaratii necesare obtinerii vizei Rapoarte anuale de activitate Reglement\u0103ri privind acordarea vizei \u015fi plata cotiza\u0163iilor profesionale exper\u021bi contabili: 40 [&hellip;]<\/p>\n","protected":false},"author":1,"featured_media":0,"parent":310,"menu_order":0,"comment_status":"closed","ping_status":"closed","template":"visual-builder-template.php","meta":{"footnotes":""},"class_list":["post-1054","page","type-page","status-publish","hentry"],"_links":{"self":[{"href":"https:\/\/ceccarcaras.ro\/ro\/wp-json\/wp\/v2\/pages\/1054","targetHints":{"allow":["GET"]}}],"collection":[{"href":"https:\/\/ceccarcaras.ro\/ro\/wp-json\/wp\/v2\/pages"}],"about":[{"href":"https:\/\/ceccarcaras.ro\/ro\/wp-json\/wp\/v2\/types\/page"}],"author":[{"embeddable":true,"href":"https:\/\/ceccarcaras.ro\/ro\/wp-json\/wp\/v2\/users\/1"}],"replies":[{"embeddable":true,"href":"https:\/\/ceccarcaras.ro\/ro\/wp-json\/wp\/v2\/comments?post=1054"}],"version-history":[{"count":25,"href":"https:\/\/ceccarcaras.ro\/ro\/wp-json\/wp\/v2\/pages\/1054\/revisions"}],"predecessor-version":[{"id":9085,"href":"https:\/\/ceccarcaras.ro\/ro\/wp-json\/wp\/v2\/pages\/1054\/revisions\/9085"}],"up":[{"embeddable":true,"href":"https:\/\/ceccarcaras.ro\/ro\/wp-json\/wp\/v2\/pages\/310"}],"wp:attachment":[{"href":"https:\/\/ceccarcaras.ro\/ro\/wp-json\/wp\/v2\/media?parent=1054"}],"curies":[{"name":"wp","href":"https:\/\/api.w.org\/{rel}","templated":true}]}}