{"id":1542,"date":"2019-09-19T13:51:52","date_gmt":"2019-09-19T11:51:52","guid":{"rendered":"https:\/\/ceccararad.ro\/ro\/?page_id=1542"},"modified":"2026-04-03T08:42:03","modified_gmt":"2026-04-03T06:42:03","slug":"conducerea-filialei","status":"publish","type":"page","link":"https:\/\/ceccarcaras.ro\/ro\/despre-noi\/organe-de-conducere-ale-ceccar\/conducerea-filialei\/","title":{"rendered":"Conducerea filialei"},"content":{"rendered":"<section   class=\"fw-main-row  auto  fw-section-position-back\"    >\n\t\t\t<div class=\"fw-container\" >\n\t\t<div class=\"fw-row\">\n\t<div id=\"column-69e1711f80a81\" class=\"fw-col-sm-12 tf-sh-2d6908ceb28c160426878497d8edb2f5\" >\n\t<div class=\"fw-wrap-col-inner clearfix  \"   >\n\t\t\t\t<div class=\"fw-col-inner\">\n\t\t\t<div class=\"fw-text-box tf-sh-d6814657c82f87ec9b13d2c144d6f523 \" >\n\t<div class=\"fw-text-inner\">\n\t\t<p><strong>Conducerea filialei<\/strong><\/p>\n<p><a href=\"https:\/\/ceccarcaras.ro\/ro\/wp-content\/uploads\/2026\/03\/ERATA.pdf\" target=\"_blank\" rel=\"noopener\"><strong>\u00a0ERAT\u0102 <span style=\"font-size: 10pt;\">la procesul-verbal privind nominalizarea candida\u021bilor la func\u021bia de membru al Comisiei de disciplin\u0103 a Filialei Cara\u0219-Severin, mandat 2026\u20132030<\/span><\/strong><\/a><\/p>\n<hr \/>\n<p><a href=\"https:\/\/ceccarcaras.ro\/ro\/wp-content\/uploads\/2026\/02\/PV-candidaturi-PCD_site.pdf\"><strong>Proces verbal privind nominalizarea candida\u021bilor la func\u0163ia de pre\u0219edinte al comisiei de disciplin\u0103<\/strong><\/a><\/p>\n<p><a href=\"https:\/\/ceccarcaras.ro\/ro\/wp-content\/uploads\/2026\/02\/Anexa-PV-candidaturi-PCD_site.pdf\"><strong>Anexa la PV privind nominalizarea candida\u021bilor la func\u0163ia de pre\u0219edinte al comisiei de disciplin\u0103<\/strong><\/a><\/p>\n<p><strong><a href=\"https:\/\/ceccarcaras.ro\/ro\/wp-content\/uploads\/2026\/02\/PV-candidaturi-membru-CD_site.pdf\">Proces verbal privind nominalizarea candida\u021bilor la func\u0163ia de membru al comisiei de disciplin\u0103<\/a> <\/strong><\/p>\n<p><a href=\"https:\/\/ceccarcaras.ro\/ro\/wp-content\/uploads\/2026\/02\/Anexa-la-PV-candidaturi-membru-CD_site.pdf\"><strong>Anexa la PV privind nominalizarea candida\u021bilor la func\u0163ia de pre\u0219edinte al comisiei de disciplin\u0103<\/strong><\/a><\/p>\n<hr \/>\n<p><a href=\"https:\/\/ceccarcaras.ro\/ro\/wp-content\/uploads\/2026\/02\/Declaratie-de-candidatura-pentru-functia-de-presedinte-al-Comisiei-de-disciplina-a-filialei.doc\" target=\"_blank\" rel=\"noopener\"><strong>DECLARA\u0162IE DE CANDIDATUR\u0102 pentru func\u0163ia de presedinte al Comisiei de disciplin\u0103 a filialei<\/strong><\/a><\/p>\n<p><a href=\"https:\/\/ceccarcaras.ro\/ro\/wp-content\/uploads\/2026\/02\/Declaratie-de-candidatura-pentru-functia-de-membru-in-Comisia-de-disciplina-a-filialei.doc\" target=\"_blank\" rel=\"noopener\"><strong>DECLARA\u0162IE DE CANDIDATUR\u0102 pentru func\u0163ia de membru \u00een Comisia de disciplin\u0103 a filialei<\/strong><\/a><\/p>\n\t<\/div>\n<\/div><div class=\"fw-divider-space space-sm  clearfix\"  ><\/div>\t\t<\/div>\n\t<\/div>\n<\/div><\/div>\n\n<div class=\"fw-row\">\n\t<div id=\"column-69e1711f815ef\" class=\"fw-col-sm-12 tf-sh-0a8171801936d213c7a64b1bcf4cdbd1\" >\n\t<div class=\"fw-wrap-col-inner clearfix  \"   >\n\t\t\t\t<div class=\"fw-col-inner\">\n\t\t\t<div class=\"fw-text-box tf-sh-1e0cfbb0e1599d49664b7fd25ab8cd32 \" >\n\t<div class=\"fw-text-inner\">\n\t\t<p style=\"text-align: center;\"><strong>Consiliul filialei<\/strong><\/p>\n\t<\/div>\n<\/div><div class=\"fw-divider-space space-sm  clearfix\"  ><\/div><div class=\"tf-sh-71274ce318237171ee0e2e43af08f11e fw-table fw-table-bordered fw-table-hover fw-table-striped \" >\n\t<table>\n\t\t\t\t\t\t\t\t\t<thead>\n\t\t\t\t<tr class=\"heading-row\">\n\t\t\t\t\t\t\t\t\t\t\t<th class=\"table-col-default\">\n\t\t\t\t\t\t\tPre\u015fedinte\t\t\t\t\t\t<\/th>\n\t\t\t\t\t\t\t\t\t\t\t<th class=\"table-col-default\">\n\t\t\t\t\t\t\tMembri titulari\t\t\t\t\t\t<\/th>\n\t\t\t\t\t\t\t\t\t\t\t<th class=\"table-col-default\">\n\t\t\t\t\t\t\tMembri suplean\u0163i\t\t\t\t\t\t<\/th>\n\t\t\t\t\t\t\t\t\t<\/tr>\n\t\t\t\t<\/thead>\n\t\t\t\t\t\t\t\t\t\t\t\t<tr class=\"default-row\">\n\t\t\t\t\t\t\t\t\t\t\t\t\t\t\t\t\t\t<td>\n\t\t\t\t\t\t\t\tBanda Stana\t\t\t\t\t\t\t<\/td>\n\t\t\t\t\t\t\t\t\t\t\t\t\t\t\t\t\t\t\t\t\t\t\t\t<td>\n\t\t\t\t\t\t\t\tRada Doina\t\t\t\t\t\t\t<\/td>\n\t\t\t\t\t\t\t\t\t\t\t\t\t\t\t\t\t\t\t\t\t\t\t\t<td>\n\t\t\t\t\t\t\t\t\t\t\t\t\t\t\t<\/td>\n\t\t\t\t\t\t\t\t\t\t\t\t\t\t\t<\/tr>\n\t\t\t\t\t\t\t\t\t\t\t\t<tr class=\"default-row\">\n\t\t\t\t\t\t\t\t\t\t\t\t\t\t\t\t\t\t<td>\n\t\t\t\t\t\t\t\t\t\t\t\t\t\t\t<\/td>\n\t\t\t\t\t\t\t\t\t\t\t\t\t\t\t\t\t\t\t\t\t\t\t\t<td>\n\t\t\t\t\t\t\t\tPavlovici Maria\t\t\t\t\t\t\t<\/td>\n\t\t\t\t\t\t\t\t\t\t\t\t\t\t\t\t\t\t\t\t\t\t\t\t<td>\n\t\t\t\t\t\t\t\t\t\t\t\t\t\t\t<\/td>\n\t\t\t\t\t\t\t\t\t\t\t\t\t\t\t<\/tr>\n\t\t\t\t\t\t<\/table>\n<\/div><div class=\"fw-divider-space space-sm  clearfix\"  ><\/div>\t\t<\/div>\n\t<\/div>\n<\/div><\/div>\n\n<div class=\"fw-row\">\n\t<div id=\"column-69e1711f82a97\" class=\"fw-col-sm-4 tf-sh-5f84f8dd58043a2483bc7094a475932c\" >\n\t<div class=\"fw-wrap-col-inner clearfix  \"   >\n\t\t\t\t<div class=\"fw-col-inner\">\n\t\t\t<div class=\"fw-text-box tf-sh-145f3890ed9aed68c784a3dfd806e500 \" >\n\t<div class=\"fw-text-inner\">\n\t\t<p style=\"text-align: center;\"><strong>Comisia de disciplin\u0103<\/strong><\/p>\n\t<\/div>\n<\/div><div class=\"fw-divider-space space-sm  clearfix\"  ><\/div><div class=\"tf-sh-af6408a805c4e3a81af270c009292018 fw-table fw-table-bordered fw-table-hover fw-table-striped \" >\n\t<table>\n\t\t\t\t\t\t\t\t\t<thead>\n\t\t\t\t<tr class=\"heading-row\">\n\t\t\t\t\t\t\t\t\t\t\t<th class=\"table-col-default\">\n\t\t\t\t\t\t\tPre\u015fedinte\t\t\t\t\t\t<\/th>\n\t\t\t\t\t\t\t\t\t\t\t<th class=\"table-col-default\">\n\t\t\t\t\t\t\tMembri titulari\t\t\t\t\t\t<\/th>\n\t\t\t\t\t\t\t\t\t\t\t<th class=\"table-col-default\">\n\t\t\t\t\t\t\tMembri suplean\u0163i\t\t\t\t\t\t<\/th>\n\t\t\t\t\t\t\t\t\t<\/tr>\n\t\t\t\t<\/thead>\n\t\t\t\t\t\t\t\t\t\t\t\t<tr class=\"default-row\">\n\t\t\t\t\t\t\t\t\t\t\t\t\t\t\t\t\t\t<td>\n\t\t\t\t\t\t\t\tSanovician Carmen Elena\t\t\t\t\t\t\t<\/td>\n\t\t\t\t\t\t\t\t\t\t\t\t\t\t\t\t\t\t\t\t\t\t\t\t<td>\n\t\t\t\t\t\t\t\tSabo Mihaiela \u0218tefania\t\t\t\t\t\t\t<\/td>\n\t\t\t\t\t\t\t\t\t\t\t\t\t\t\t\t\t\t\t\t\t\t\t\t<td>\n\t\t\t\t\t\t\t\tFloare Cristina Iosefina\t\t\t\t\t\t\t<\/td>\n\t\t\t\t\t\t\t\t\t\t\t\t\t\t\t<\/tr>\n\t\t\t\t\t\t\t\t\t\t\t\t<tr class=\"default-row\">\n\t\t\t\t\t\t\t\t\t\t\t\t\t\t\t\t\t\t<td>\n\t\t\t\t\t\t\t\t\t\t\t\t\t\t\t<\/td>\n\t\t\t\t\t\t\t\t\t\t\t\t\t\t\t\t\t\t\t\t\t\t\t\t<td>\n\t\t\t\t\t\t\t\tThernes Karina\t\t\t\t\t\t\t<\/td>\n\t\t\t\t\t\t\t\t\t\t\t\t\t\t\t\t\t\t\t\t\t\t\t\t<td>\n\t\t\t\t\t\t\t\tMeresz Valentina\t\t\t\t\t\t\t<\/td>\n\t\t\t\t\t\t\t\t\t\t\t\t\t\t\t<\/tr>\n\t\t\t\t\t\t\t\t\t\t\t\t<tr class=\"default-row\">\n\t\t\t\t\t\t\t\t\t\t\t\t\t\t\t\t\t\t<td>\n\t\t\t\t\t\t\t\t\t\t\t\t\t\t\t<\/td>\n\t\t\t\t\t\t\t\t\t\t\t\t\t\t\t\t\t\t\t\t\t\t\t\t<td>\n\t\t\t\t\t\t\t\tMagda Daniela\t\t\t\t\t\t\t<\/td>\n\t\t\t\t\t\t\t\t\t\t\t\t\t\t\t\t\t\t\t\t\t\t\t\t<td>\n\t\t\t\t\t\t\t\tMaftei Mariana\t\t\t\t\t\t\t<\/td>\n\t\t\t\t\t\t\t\t\t\t\t\t\t\t\t<\/tr>\n\t\t\t\t\t\t<\/table>\n<\/div><div class=\"fw-divider-space space-sm  clearfix\"  ><\/div>\t\t<\/div>\n\t<\/div>\n<\/div><div id=\"column-69e1711f83813\" class=\"fw-col-sm-4 tf-sh-3a3f6ac513b55d5ab11a43316ba9d546\" >\n\t<div class=\"fw-wrap-col-inner clearfix  \"   >\n\t\t\t\t<div class=\"fw-col-inner\">\n\t\t\t<div class=\"fw-text-box tf-sh-790ee37ce5e57eab7e8174e35c2a0653 \" >\n\t<div class=\"fw-text-inner\">\n\t\t<p style=\"text-align: center;\"><strong>Comisia de cenzori<\/strong><\/p>\n\t<\/div>\n<\/div><div class=\"fw-divider-space space-sm  clearfix\"  ><\/div><div class=\"tf-sh-84c0a9b454b210ef2a48eb8376e306df fw-table fw-table-bordered fw-table-hover fw-table-striped \" >\n\t<table>\n\t\t\t\t\t\t\t\t\t<thead>\n\t\t\t\t<tr class=\"heading-row\">\n\t\t\t\t\t\t\t\t\t\t\t<th class=\"table-col-default\">\n\t\t\t\t\t\t\tCenzor\t\t\t\t\t\t<\/th>\n\t\t\t\t\t\t\t\t\t<\/tr>\n\t\t\t\t<\/thead>\n\t\t\t\t\t\t\t\t\t\t\t\t<tr class=\"default-row\">\n\t\t\t\t\t\t\t\t\t\t\t\t\t\t\t\t\t\t<td>\n\t\t\t\t\t\t\t\tArdelean Daniela Dana\t\t\t\t\t\t\t<\/td>\n\t\t\t\t\t\t\t\t\t\t\t\t\t\t\t<\/tr>\n\t\t\t\t\t\t<\/table>\n<\/div><div class=\"fw-divider-space space-sm  clearfix\"  ><\/div>\t\t<\/div>\n\t<\/div>\n<\/div><div id=\"column-69e1711f84408\" class=\"fw-col-sm-4 tf-sh-4fc841d6dc6ede865c909619c831c359\" >\n\t<div class=\"fw-wrap-col-inner clearfix  \"   >\n\t\t\t\t<div class=\"fw-col-inner\">\n\t\t\t<div class=\"fw-text-box tf-sh-42f726dbd401b2dde2de5fa08378ef8c \" >\n\t<div class=\"fw-text-inner\">\n\t\t<p style=\"text-align: center;\"><strong>Comisia de arbitraj<\/strong><\/p>\n\t<\/div>\n<\/div><div class=\"fw-divider-space space-sm  clearfix\"  ><\/div><div class=\"tf-sh-c628f6258674305fa83ab11cccc4406c fw-table fw-table-bordered fw-table-hover fw-table-striped \" >\n\t<table>\n\t\t\t\t\t\t\t\t\t<thead>\n\t\t\t\t<tr class=\"heading-row\">\n\t\t\t\t\t\t\t\t\t\t\t<th class=\"table-col-default\">\n\t\t\t\t\t\t\tPre\u015fedinte\t\t\t\t\t\t<\/th>\n\t\t\t\t\t\t\t\t\t\t\t<th class=\"table-col-default\">\n\t\t\t\t\t\t\tMembri\t\t\t\t\t\t<\/th>\n\t\t\t\t\t\t\t\t\t\t\t<th class=\"table-col-default\">\n\t\t\t\t\t\t\tJurist\t\t\t\t\t\t<\/th>\n\t\t\t\t\t\t\t\t\t<\/tr>\n\t\t\t\t<\/thead>\n\t\t\t\t\t\t\t\t\t\t\t\t<tr class=\"default-row\">\n\t\t\t\t\t\t\t\t\t\t\t\t\t\t\t\t\t\t<td>\n\t\t\t\t\t\t\t\tBanda Stana\t\t\t\t\t\t\t<\/td>\n\t\t\t\t\t\t\t\t\t\t\t\t\t\t\t\t\t\t\t\t\t\t\t\t<td>\n\t\t\t\t\t\t\t\tAzap Mihaela\t\t\t\t\t\t\t<\/td>\n\t\t\t\t\t\t\t\t\t\t\t\t\t\t\t\t\t\t\t\t\t\t\t\t<td>\n\t\t\t\t\t\t\t\t\u021a\u00eeru Nicolae\t\t\t\t\t\t\t<\/td>\n\t\t\t\t\t\t\t\t\t\t\t\t\t\t\t<\/tr>\n\t\t\t\t\t\t\t\t\t\t\t\t<tr class=\"default-row\">\n\t\t\t\t\t\t\t\t\t\t\t\t\t\t\t\t\t\t<td>\n\t\t\t\t\t\t\t\t\t\t\t\t\t\t\t<\/td>\n\t\t\t\t\t\t\t\t\t\t\t\t\t\t\t\t\t\t\t\t\t\t\t\t<td>\n\t\t\t\t\t\t\t\tCeia Margot\t\t\t\t\t\t\t<\/td>\n\t\t\t\t\t\t\t\t\t\t\t\t\t\t\t\t\t\t\t\t\t\t\t\t<td>\n\t\t\t\t\t\t\t\t\t\t\t\t\t\t\t<\/td>\n\t\t\t\t\t\t\t\t\t\t\t\t\t\t\t<\/tr>\n\t\t\t\t\t\t\t\t\t\t\t\t<tr class=\"default-row\">\n\t\t\t\t\t\t\t\t\t\t\t\t\t\t\t\t\t\t<td>\n\t\t\t\t\t\t\t\t\t\t\t\t\t\t\t<\/td>\n\t\t\t\t\t\t\t\t\t\t\t\t\t\t\t\t\t\t\t\t\t\t\t\t<td>\n\t\t\t\t\t\t\t\tArdelean Daniela Dana\t\t\t\t\t\t\t<\/td>\n\t\t\t\t\t\t\t\t\t\t\t\t\t\t\t\t\t\t\t\t\t\t\t\t<td>\n\t\t\t\t\t\t\t\t\t\t\t\t\t\t\t<\/td>\n\t\t\t\t\t\t\t\t\t\t\t\t\t\t\t<\/tr>\n\t\t\t\t\t\t\t\t\t\t\t\t<tr class=\"default-row\">\n\t\t\t\t\t\t\t\t\t\t\t\t\t\t\t\t\t\t<td>\n\t\t\t\t\t\t\t\t\t\t\t\t\t\t\t<\/td>\n\t\t\t\t\t\t\t\t\t\t\t\t\t\t\t\t\t\t\t\t\t\t\t\t<td>\n\t\t\t\t\t\t\t\tPavlovici Maria\t\t\t\t\t\t\t<\/td>\n\t\t\t\t\t\t\t\t\t\t\t\t\t\t\t\t\t\t\t\t\t\t\t\t<td>\n\t\t\t\t\t\t\t\t\t\t\t\t\t\t\t<\/td>\n\t\t\t\t\t\t\t\t\t\t\t\t\t\t\t<\/tr>\n\t\t\t\t\t\t\t\t\t\t\t\t<tr class=\"default-row\">\n\t\t\t\t\t\t\t\t\t\t\t\t\t\t\t\t\t\t<td>\n\t\t\t\t\t\t\t\t\t\t\t\t\t\t\t<\/td>\n\t\t\t\t\t\t\t\t\t\t\t\t\t\t\t\t\t\t\t\t\t\t\t\t<td>\n\t\t\t\t\t\t\t\t\t\t\t\t\t\t\t<\/td>\n\t\t\t\t\t\t\t\t\t\t\t\t\t\t\t\t\t\t\t\t\t\t\t\t<td>\n\t\t\t\t\t\t\t\t\t\t\t\t\t\t\t<\/td>\n\t\t\t\t\t\t\t\t\t\t\t\t\t\t\t<\/tr>\n\t\t\t\t\t\t<\/table>\n<\/div><div class=\"fw-divider-space space-sm  clearfix\"  ><\/div>\t\t<\/div>\n\t<\/div>\n<\/div><\/div>\n\n<div class=\"fw-row\">\n\t<div id=\"column-69e1711f853da\" class=\"fw-col-sm-12 tf-sh-9a7e3fffdda52bd1519f6f1b6c6d9bdd\" >\n\t<div class=\"fw-wrap-col-inner clearfix  \"   >\n\t\t\t\t<div class=\"fw-col-inner\">\n\t\t\t<div class=\"fw-text-box tf-sh-f132e4342b9a50e542711b1085877b5b \" >\n\t<div class=\"fw-text-inner\">\n\t\t<p style=\"text-align: center;\"><strong>Executivul filialei<\/strong><\/p>\n\t<\/div>\n<\/div><div class=\"fw-divider-space space-sm  clearfix\"  ><\/div><div class=\"tf-sh-bf14a175717ff3bce0aa335097a5b788 fw-table fw-table-bordered fw-table-hover fw-table-striped \" >\n\t<table>\n\t\t\t\t\t\t\t\t\t<thead>\n\t\t\t\t<tr class=\"heading-row\">\n\t\t\t\t\t\t\t\t\t\t\t<th class=\"table-col-default\">\n\t\t\t\t\t\t\t\u0218ef Birou Administrativ\t\t\t\t\t\t<\/th>\n\t\t\t\t\t\t\t\t\t\t\t<th class=\"table-col-default\">\n\t\t\t\t\t\t\tCoordonator filial\u0103\t\t\t\t\t\t<\/th>\n\t\t\t\t\t\t\t\t\t<\/tr>\n\t\t\t\t<\/thead>\n\t\t\t\t\t\t\t\t\t\t\t\t<tr class=\"default-row\">\n\t\t\t\t\t\t\t\t\t\t\t\t\t\t\t\t\t\t<td>\n\t\t\t\t\t\t\t\tUngureanu Lup\u0219a Florentina\t\t\t\t\t\t\t<\/td>\n\t\t\t\t\t\t\t\t\t\t\t\t\t\t\t\t\t\t\t\t\t\t\t\t<td>\n\t\t\t\t\t\t\t\tMihalache Ionela-Lumini\u021ba\t\t\t\t\t\t\t<\/td>\n\t\t\t\t\t\t\t\t\t\t\t\t\t\t\t<\/tr>\n\t\t\t\t\t\t<\/table>\n<\/div><div class=\"fw-divider-space space-sm  clearfix\"  ><\/div>\t\t<\/div>\n\t<\/div>\n<\/div><\/div>\n\n<div class=\"fw-row\">\n\t<div id=\"column-69e1711f86360\" class=\"fw-col-sm-12 tf-sh-3d681b1bb09ef566a3d4079d66205d79\" >\n\t<div class=\"fw-wrap-col-inner clearfix  \"   >\n\t\t\t\t<div class=\"fw-col-inner\">\n\t\t\t<div class=\"fw-text-box tf-sh-f5f3cd650ef833848a150d74b52ee981 \" >\n\t<div class=\"fw-text-inner\">\n\t\t<p style=\"text-align: center;\"><strong>Auditor<\/strong><\/p>\n\t<\/div>\n<\/div><div class=\"fw-divider-space space-sm  clearfix\"  ><\/div><div class=\"tf-sh-8551762a1d2a05f3b9c981802e35372f fw-table fw-table-bordered fw-table-hover fw-table-striped \" >\n\t<table>\n\t\t\t\t\t\t\t\t\t<thead>\n\t\t\t\t<tr class=\"heading-row\">\n\t\t\t\t\t\t\t\t\t\t\t<th class=\"table-col-default\">\n\t\t\t\t\t\t\tAuditor de calitate \t\t\t\t\t\t<\/th>\n\t\t\t\t\t\t\t\t\t<\/tr>\n\t\t\t\t<\/thead>\n\t\t\t\t\t\t\t\t\t\t\t\t<tr class=\"default-row\">\n\t\t\t\t\t\t\t\t\t\t\t\t\t\t\t\t\t\t<td>\n\t\t\t\t\t\t\t\t-\t\t\t\t\t\t\t<\/td>\n\t\t\t\t\t\t\t\t\t\t\t\t\t\t\t<\/tr>\n\t\t\t\t\t\t<\/table>\n<\/div><div class=\"fw-divider-space space-sm  clearfix\"  ><\/div>\t\t<\/div>\n\t<\/div>\n<\/div><\/div>\n\n<div class=\"fw-row\">\n\t<div id=\"column-69e1711f87469\" class=\"fw-col-sm-12 tf-sh-5bcec65495473cba2abd07c4f672a5e8\" >\n\t<div class=\"fw-wrap-col-inner clearfix  \"   >\n\t\t\t\t<div class=\"fw-col-inner\">\n\t\t\t<div class=\"fw-divider-space space-md  clearfix\"  ><\/div>\t\t<\/div>\n\t<\/div>\n<\/div><\/div>\n\n\t<\/div>\n\t<\/section>\n","protected":false},"excerpt":{"rendered":"<p>Conducerea filialei \u00a0ERAT\u0102 la procesul-verbal privind nominalizarea candida\u021bilor la func\u021bia de membru al Comisiei de disciplin\u0103 a Filialei Cara\u0219-Severin, mandat 2026\u20132030 Proces verbal privind nominalizarea candida\u021bilor la func\u0163ia de pre\u0219edinte al comisiei de disciplin\u0103 Anexa [&hellip;]<\/p>\n","protected":false},"author":1,"featured_media":0,"parent":1403,"menu_order":0,"comment_status":"closed","ping_status":"closed","template":"visual-builder-template.php","meta":{"footnotes":""},"class_list":["post-1542","page","type-page","status-publish","hentry"],"_links":{"self":[{"href":"https:\/\/ceccarcaras.ro\/ro\/wp-json\/wp\/v2\/pages\/1542","targetHints":{"allow":["GET"]}}],"collection":[{"href":"https:\/\/ceccarcaras.ro\/ro\/wp-json\/wp\/v2\/pages"}],"about":[{"href":"https:\/\/ceccarcaras.ro\/ro\/wp-json\/wp\/v2\/types\/page"}],"author":[{"embeddable":true,"href":"https:\/\/ceccarcaras.ro\/ro\/wp-json\/wp\/v2\/users\/1"}],"replies":[{"embeddable":true,"href":"https:\/\/ceccarcaras.ro\/ro\/wp-json\/wp\/v2\/comments?post=1542"}],"version-history":[{"count":62,"href":"https:\/\/ceccarcaras.ro\/ro\/wp-json\/wp\/v2\/pages\/1542\/revisions"}],"predecessor-version":[{"id":10439,"href":"https:\/\/ceccarcaras.ro\/ro\/wp-json\/wp\/v2\/pages\/1542\/revisions\/10439"}],"up":[{"embeddable":true,"href":"https:\/\/ceccarcaras.ro\/ro\/wp-json\/wp\/v2\/pages\/1403"}],"wp:attachment":[{"href":"https:\/\/ceccarcaras.ro\/ro\/wp-json\/wp\/v2\/media?parent=1542"}],"curies":[{"name":"wp","href":"https:\/\/api.w.org\/{rel}","templated":true}]}}