{"id":294,"date":"2017-10-30T09:29:15","date_gmt":"2017-10-30T09:29:15","guid":{"rendered":"https:\/\/ceccararad.ro\/ro\/?page_id=294"},"modified":"2024-02-29T17:07:08","modified_gmt":"2024-02-29T15:07:08","slug":"echivalarea-examenului-de-acces-la-stagiu","status":"publish","type":"page","link":"https:\/\/ceccarcaras.ro\/ro\/membri\/cum-devin-membru-ceccar\/echivalarea-examenului-de-acces-la-stagiu\/","title":{"rendered":"Echivalarea examenului de acces la stagiu"},"content":{"rendered":"<section   class=\"fw-main-row  auto  fw-section-position-back\"    >\n\t\t\t<div class=\"fw-container\" >\n\t\t<div class=\"fw-row\">\n\t<div id=\"column-69e600ade8a48\" class=\"fw-col-sm-12 tf-sh-4bf7de7076824fb4c351a6d1039d0743\" >\n\t<div class=\"fw-wrap-col-inner clearfix  \"   >\n\t\t\t\t<div class=\"fw-col-inner\">\n\t\t\t<div class=\"fw-text-box tf-sh-877a63ccffaffc9f825a828be48b90b9 \" >\n\t<div class=\"fw-text-inner\">\n\t\t<p><strong>Echivalarea examenului de acces la stagiu<\/strong><\/p>\n\t<\/div>\n<\/div><div class=\"fw-divider-space space-sm  clearfix\"  ><\/div><div class=\"tf-sh-435841a89aa1e8b5e1a52a967d0eb145 fw-tabs fw-tabs-minimal fw-tabs-top \" >\n\t<ul class=\"nav nav-tabs nav-justified\">\n\t\t\t\t\t<li class=\"active\">\n\t\t\t\t<a href=\"#tab-cont-435841a89aa1e8b5e1a52a967d0eb145-1\" data-toggle=\"tab\">\n\t\t\t\t\t\n\t\t\t\t\t\t\t\t\t\t<span>Con\u021binutul dosarului depus de facult\u0103\u021bile de profil<\/span>\n\t\t\t\t<\/a>\n\t\t\t<\/li>\n\t\t\t\t\t\t\t\t<li >\n\t\t\t\t<a href=\"#tab-cont-435841a89aa1e8b5e1a52a967d0eb145-2\" data-toggle=\"tab\">\n\t\t\t\t\t\n\t\t\t\t\t\t\t\t\t\t<span>Examenul de acces & efectuarea stagiului<\/span>\n\t\t\t\t<\/a>\n\t\t\t<\/li>\n\t\t\t\t\t\t\t\t<li >\n\t\t\t\t<a href=\"#tab-cont-435841a89aa1e8b5e1a52a967d0eb145-3\" data-toggle=\"tab\">\n\t\t\t\t\t\n\t\t\t\t\t\t\t\t\t\t<span>Echivalarea disciplinelor din cadrul programelor de masterat cu disciplinele examenului de acces la stagiu<\/span>\n\t\t\t\t<\/a>\n\t\t\t<\/li>\n\t\t\t\t\t\t<\/ul>\n\n\t<div class=\"tab-content clearfix\">\n\t\t\t\t\t<div id=\"tab-cont-435841a89aa1e8b5e1a52a967d0eb145-1\"\n\t\t\t     class=\"tab-pane fade in active\">\n\t\t\t\t\n\t\t\t\t\t\t\t\t\t<header><div><div style=\"text-align: justify;\"><strong>Con\u0163inutul dosarelor \u00eenaintate de facult\u0103\u021bile de profil pentru analiz\u0103 \u015fi aprobare \u00een vederea \u00eencheierii protocolului colaborare, trebuie s\u0103 con\u0163in\u0103 \u00een principal urmatoarele documente:<\/strong><\/div><\/div><\/header><div id=\"main\"><section id=\"section-5c73fc96a7ba2\"><div id=\"column-b820cc773500f5c216a27358f8eb2519\"><p style=\"text-align: justify;\">1. Cererea facult\u0103\u0163ii de profil semnat\u0103 cel putin de catre Decanul, \u015eeful catedrei respectivei facult\u0103\u0163i precum \u015fi de c\u0103tre directorul cursului de master respectiv \u015fi eventual semnatura Rectorului Universit\u0103\u0163ii respective;<\/p><p style=\"text-align: justify;\">2. Dovada certificat\u0103 printr-un document oficial recunoscut potrivit legii \u00eenv\u0103\u0163\u0103m\u00e2ntului \u015fi a hot\u0103r\u00e2rilor de guvern emise \u00een aplicarea acestei legi, din care s\u0103 rezulte acreditarea pentru organizarea cursului de master de 2 ani;<\/p><p style=\"text-align: justify;\">3. Programul general al cursurilor pentru cei doi ani de master certificat \u015fi \u015ftampilat de Decanul facult\u0103tii \u015fi \u015feful masterului respectiv;<\/p><p style=\"text-align: justify;\">4. Fi\u015fele disciplinelor de la master cuprinz\u00e2nd scopul si rezultatele inv\u0103\u0163\u0103rii precum si con\u0163inutul detaliat al disciplinelor;<\/p><p style=\"text-align: justify;\">5. Corpul de cadre didactice cu men\u0163iunea titlului stiin\u0163ific, utilizat \u00een cadrul programului de master;<\/p><p style=\"text-align: justify;\">6. Metodele de predare utilizate pentru fiecare disciplin\u0103;<\/p><p style=\"text-align: justify;\">7. Bibliografia solicitat\u0103 pentru fiecare disciplin\u0103;<\/p><p style=\"text-align: justify;\">8. Modul de evaluare pentru fiecare disciplin\u0103, cu prezentarea separat\u0103 a examin\u0103rii scrise sau orale \u015fi nota minim\u0103 de promovare pentru o disciplin\u0103;<\/p><p style=\"text-align: justify;\">9. Suporturile utilizate pentru fiecare disciplin\u0103;<\/p><p style=\"text-align: justify;\">10. Orice alt document care s\u0103 vin\u0103 \u00een sprijinul dosarului;<\/p><p style=\"text-align: justify;\">11. Dovada achit\u0103rii taxei aferente analiz\u0103rii dosarului programului de master<\/p><\/div><\/section><\/div>\t\t\t\t\t\t\t<\/div>\n\t\t\t\t\t\t<div id=\"tab-cont-435841a89aa1e8b5e1a52a967d0eb145-2\"\n\t\t\t     class=\"tab-pane fade \">\n\t\t\t\t\n\t\t\t\t\t\t\t\t\t<p>&nbsp;<\/p><p style=\"text-align: justify;\"><a href=\"https:\/\/ceccar.ro\/ro\/?page_id=996\" target=\"_blank\" rel=\"noopener\"> Examenul de acces &amp; efectuarea stagiului | Corpul Expertilor Contabili si Contabililor Autorizati din Romania (ceccar.ro)<\/a><\/p>\t\t\t\t\t\t\t<\/div>\n\t\t\t\t\t\t<div id=\"tab-cont-435841a89aa1e8b5e1a52a967d0eb145-3\"\n\t\t\t     class=\"tab-pane fade \">\n\t\t\t\t\n\t\t\t\t\t\t\t\t\t<p>&nbsp;<\/p><p><strong><a href=\"https:\/\/ceccar.ro\/ro\/wp-content\/uploads\/2022\/03\/Evidenta-protocoale-master-actualizat-2022.pdf\" target=\"_blank\" rel=\"noopener\">Eviden\u021ba programelor de masterat pentru care exist\u0103 acorduri de colaborare \u00eencheiate cu CECCAR<\/a><\/strong><span class=\"tadv-color\">.<\/span><\/p><hr \/><p><a href=\"https:\/\/ceccar.ro\/ro\/?page_id=996\"><b>Termenul de depunere \u0219i con\u021binutul dosarului de echivalare a disciplinelor programelor de masterat cu disciplinele examenului de admitere, categoria expert contabil<\/b>\u00a0<\/a><\/p><p>&nbsp;<\/p>\t\t\t\t\t\t\t<\/div>\n\t\t\t\t<\/div>\n<\/div><div class=\"fw-divider-space space-sm  clearfix\"  ><\/div>\t\t<\/div>\n\t<\/div>\n<\/div><\/div>\n\n\t<\/div>\n\t<\/section>\n","protected":false},"excerpt":{"rendered":"<p>Echivalarea examenului de acces la stagiu Con\u021binutul dosarului depus de facult\u0103\u021bile de profil Examenul de acces &#038; efectuarea stagiului Echivalarea disciplinelor din cadrul programelor de masterat cu disciplinele examenului de acces la stagiu Con\u0163inutul dosarelor [&hellip;]<\/p>\n","protected":false},"author":1,"featured_media":0,"parent":288,"menu_order":0,"comment_status":"closed","ping_status":"closed","template":"visual-builder-template.php","meta":{"footnotes":""},"class_list":["post-294","page","type-page","status-publish","hentry"],"_links":{"self":[{"href":"https:\/\/ceccarcaras.ro\/ro\/wp-json\/wp\/v2\/pages\/294","targetHints":{"allow":["GET"]}}],"collection":[{"href":"https:\/\/ceccarcaras.ro\/ro\/wp-json\/wp\/v2\/pages"}],"about":[{"href":"https:\/\/ceccarcaras.ro\/ro\/wp-json\/wp\/v2\/types\/page"}],"author":[{"embeddable":true,"href":"https:\/\/ceccarcaras.ro\/ro\/wp-json\/wp\/v2\/users\/1"}],"replies":[{"embeddable":true,"href":"https:\/\/ceccarcaras.ro\/ro\/wp-json\/wp\/v2\/comments?post=294"}],"version-history":[{"count":33,"href":"https:\/\/ceccarcaras.ro\/ro\/wp-json\/wp\/v2\/pages\/294\/revisions"}],"predecessor-version":[{"id":8393,"href":"https:\/\/ceccarcaras.ro\/ro\/wp-json\/wp\/v2\/pages\/294\/revisions\/8393"}],"up":[{"embeddable":true,"href":"https:\/\/ceccarcaras.ro\/ro\/wp-json\/wp\/v2\/pages\/288"}],"wp:attachment":[{"href":"https:\/\/ceccarcaras.ro\/ro\/wp-json\/wp\/v2\/media?parent=294"}],"curies":[{"name":"wp","href":"https:\/\/api.w.org\/{rel}","templated":true}]}}