{"id":572,"date":"2018-10-21T14:54:52","date_gmt":"2018-10-21T12:54:52","guid":{"rendered":"https:\/\/ceccararad.ro\/ro\/?page_id=572"},"modified":"2025-10-20T13:42:44","modified_gmt":"2025-10-20T11:42:44","slug":"ex-de-acces-la-stagiu","status":"publish","type":"page","link":"https:\/\/ceccarcaras.ro\/ro\/membri\/cum-devin-membru-ceccar\/ex-de-acces-la-stagiu\/","title":{"rendered":"Examenul de acces la stagiu"},"content":{"rendered":"<section   class=\"fw-main-row  auto  fw-section-position-back\"    >\n\t\t\t<div class=\"fw-container\" >\n\t\t<div class=\"fw-row\">\n\t<div id=\"column-69e610cf7c11b\" class=\"fw-col-sm-12 tf-sh-4bf7de7076824fb4c351a6d1039d0743\" >\n\t<div class=\"fw-wrap-col-inner clearfix  \"   >\n\t\t\t\t<div class=\"fw-col-inner\">\n\t\t\t<div class=\"fw-text-box tf-sh-b4a496c23a94b122350f1c9e2210e50c \" >\n\t<div class=\"fw-text-inner\">\n\t\t<p><strong><span style=\"font-size: 12pt;\">Examenul de acces la stagiu<\/span><\/strong><\/p>\n\t<\/div>\n<\/div><div class=\"fw-divider-space space-sm  clearfix\"  ><\/div><div class=\"tf-sh-435841a89aa1e8b5e1a52a967d0eb145 fw-tabs fw-tabs-minimal fw-tabs-top \" >\n\t<ul class=\"nav nav-tabs nav-justified\">\n\t\t\t\t\t<li class=\"active\">\n\t\t\t\t<a href=\"#tab-cont-435841a89aa1e8b5e1a52a967d0eb145-1\" data-toggle=\"tab\">\n\t\t\t\t\t\n\t\t\t\t\t\t\t\t\t\t<span>Anun\u0163uri \u015fi nout\u0103\u0163i<\/span>\n\t\t\t\t<\/a>\n\t\t\t<\/li>\n\t\t\t\t\t\t\t\t<li >\n\t\t\t\t<a href=\"#tab-cont-435841a89aa1e8b5e1a52a967d0eb145-2\" data-toggle=\"tab\">\n\t\t\t\t\t\n\t\t\t\t\t\t\t\t\t\t<span>Regulament privind accesul la profesia de expert contabil \u015fi de contabil autorizat<\/span>\n\t\t\t\t<\/a>\n\t\t\t<\/li>\n\t\t\t\t\t\t\t\t<li >\n\t\t\t\t<a href=\"#tab-cont-435841a89aa1e8b5e1a52a967d0eb145-3\" data-toggle=\"tab\">\n\t\t\t\t\t\n\t\t\t\t\t\t\t\t\t\t<span>Programa aferent\u0103 examenului de acces la stagiu<\/span>\n\t\t\t\t<\/a>\n\t\t\t<\/li>\n\t\t\t\t\t\t\t\t<li >\n\t\t\t\t<a href=\"#tab-cont-435841a89aa1e8b5e1a52a967d0eb145-4\" data-toggle=\"tab\">\n\t\t\t\t\t\n\t\t\t\t\t\t\t\t\t\t<span>Sesiuni de examen de acces la stagiu<\/span>\n\t\t\t\t<\/a>\n\t\t\t<\/li>\n\t\t\t\t\t\t\t\t<li >\n\t\t\t\t<a href=\"#tab-cont-435841a89aa1e8b5e1a52a967d0eb145-5\" data-toggle=\"tab\">\n\t\t\t\t\t\n\t\t\t\t\t\t\t\t\t\t<span>Calendar cursuri<\/span>\n\t\t\t\t<\/a>\n\t\t\t<\/li>\n\t\t\t\t\t\t<\/ul>\n\n\t<div class=\"tab-content clearfix\">\n\t\t\t\t\t<div id=\"tab-cont-435841a89aa1e8b5e1a52a967d0eb145-1\"\n\t\t\t     class=\"tab-pane fade in active\">\n\t\t\t\t\n\t\t\t\t\t\t\t\t\t<p><span style=\"font-size: 14pt;\"><a href=\"https:\/\/ceccar.ro\/ro\/?page_id=67\">Informatii cu privire la examenul de acces la stagiu<\/a><\/span><\/p><p><a href=\"https:\/\/ceccar.ro\/ro\/?page_id=32390\"><span style=\"font-size: 14pt;\">Rezultate examen admitere stagiu, sesiunea 2-3 octombrie 2025<\/span><\/a><\/p>\t\t\t\t\t\t\t<\/div>\n\t\t\t\t\t\t<div id=\"tab-cont-435841a89aa1e8b5e1a52a967d0eb145-2\"\n\t\t\t     class=\"tab-pane fade \">\n\t\t\t\t\n\t\t\t\t\t\t\t\t\t<header><ul><li><a href=\"https:\/\/ceccar.ro\/ro\/?page_id=976\" target=\"_blank\" rel=\"noreferrer noopener\">Regulament privind efectuarea stagiului \u015fi examenul de aptitudini \u00een vederea accesului la calitatea de expert contabil \u015fi de contabil autorizat<\/a><\/li><\/ul><\/header>\t\t\t\t\t\t\t<\/div>\n\t\t\t\t\t\t<div id=\"tab-cont-435841a89aa1e8b5e1a52a967d0eb145-3\"\n\t\t\t     class=\"tab-pane fade \">\n\t\t\t\t\n\t\t\t\t\t\t\t\t\t<p>&nbsp;<\/p><ul><li style=\"list-style-type: none;\"><ul><li style=\"list-style-type: none;\"><ul><li><a href=\"https:\/\/ceccar.ro\/ro\/wp-content\/uploads\/2025\/03\/Programa-EC-examen-acces-2025.pdf\">Programa aferent\u0103 examenului de admitere la stagiu \u00een vederea ob\u021binerii calit\u0103\u021bii de expert contabil (sesiunea octombrie 2025)<\/a><\/li><li><a href=\"https:\/\/ceccar.ro\/ro\/wp-content\/uploads\/2025\/03\/Programa-CA-examen-acces-2025.pdf\">Programa aferent\u0103 examenului de admitere la stagiu \u00een vederea ob\u021binerii calitat\u0103\u021bii de contabil autorizat (sesiunea octombrie 2025)<\/a><\/li><\/ul><\/li><\/ul><\/li><\/ul>\t\t\t\t\t\t\t<\/div>\n\t\t\t\t\t\t<div id=\"tab-cont-435841a89aa1e8b5e1a52a967d0eb145-4\"\n\t\t\t     class=\"tab-pane fade \">\n\t\t\t\t\n\t\t\t\t\t\t\t\t\t<ul style=\"list-style-type: circle;\"><li><span style=\"font-family: 'times new roman', times, serif; font-size: 14pt; color: #000000;\"><a style=\"color: #000000;\" href=\"https:\/\/ceccar.ro\/ro\/wp-content\/uploads\/2011\/09\/regulament-acces.pdf\" target=\"_blank\" rel=\"noopener noreferrer\">\u00a0Regulament privind accesul la profesia de expert contabil \u015fi de contabil autorizat<\/a><\/span><\/li><li><span style=\"color: #000000;\"><span style=\"font-family: 'times new roman', times, serif; font-size: 14pt;\"><a style=\"color: #000000;\" href=\"https:\/\/ceccar.ro\/ro\/?page_id=67\">\u00a0Sesiunea\u00a0 2-3 octombrie 2025\u00a0 \u00a0<\/a><\/span><span style=\"font-family: 'times new roman', times, serif; font-size: 14pt;\">\u00a0 \u00a0<\/span><\/span><\/li><li><span style=\"font-family: 'times new roman', times, serif;\">\u00a0<span style=\"color: #3366ff;\"><a style=\"color: #3366ff;\" href=\"https:\/\/ceccar.ro\/ro\/?page_id=32390\"><span style=\"font-size: 14pt;\">Rezultate examen admitere stagiu, sesiunea 2-3 octombrie 2025<\/span><\/a><\/span><\/span><\/li><li><span style=\"color: #0000ff;\"><a style=\"color: #0000ff;\" href=\"https:\/\/ceccar.ro\/ro\/?page_id=34557\"><span style=\"font-size: 14pt;\"><strong><span style=\"font-family: 'times new roman', times, serif;\">Sesiunea 20-21 noiembrie 2025<\/span><\/strong><\/span><\/a><\/span><\/li><\/ul>\t\t\t\t\t\t\t<\/div>\n\t\t\t\t\t\t<div id=\"tab-cont-435841a89aa1e8b5e1a52a967d0eb145-5\"\n\t\t\t     class=\"tab-pane fade \">\n\t\t\t\t\n\t\t\t\t\t\t\t\t\t<header><div role=\"navigation\"><nav id=\"fw-menu-primary\"><header><header><img decoding=\"async\" src=\"file:\/\/\/C:\/Users\/CECCAR%20CARAS\/Desktop\/Calendar%20pregatire%20stagiu%20+%20examene%202025.pdf\" alt=\"\" \/>Calendarul de activitati stagiu si examene CECCAR 2025<\/header><header><a href=\"https:\/\/ceccarcaras.ro\/ro\/membri\/cum-devin-membru-ceccar\/ex-de-acces-la-stagiu\/captura-de-ecran-2025-07-30-102033-2\/\"><img loading=\"lazy\" decoding=\"async\" class=\"alignright wp-image-9758 size-full\" src=\"https:\/\/ceccarcaras.ro\/ro\/wp-content\/uploads\/2025\/07\/Captura-de-ecran-2025-07-30-102033-1.png\" alt=\"\" width=\"1354\" height=\"952\" srcset=\"https:\/\/ceccarcaras.ro\/ro\/wp-content\/uploads\/2025\/07\/Captura-de-ecran-2025-07-30-102033-1.png 1354w, https:\/\/ceccarcaras.ro\/ro\/wp-content\/uploads\/2025\/07\/Captura-de-ecran-2025-07-30-102033-1-300x211.png 300w, https:\/\/ceccarcaras.ro\/ro\/wp-content\/uploads\/2025\/07\/Captura-de-ecran-2025-07-30-102033-1-1024x720.png 1024w, https:\/\/ceccarcaras.ro\/ro\/wp-content\/uploads\/2025\/07\/Captura-de-ecran-2025-07-30-102033-1-768x540.png 768w\" sizes=\"auto, (max-width: 1354px) 100vw, 1354px\" \/><\/a><\/header><\/header><header><\/header><\/nav><\/div><\/header>\t\t\t\t\t\t\t<\/div>\n\t\t\t\t<\/div>\n<\/div><div class=\"fw-divider-space space-sm  clearfix\"  ><\/div>\t\t<\/div>\n\t<\/div>\n<\/div><\/div>\n\n\t<\/div>\n\t<\/section>\n","protected":false},"excerpt":{"rendered":"<p>Examenul de acces la stagiu Anun\u0163uri \u015fi nout\u0103\u0163i Regulament privind accesul la profesia de expert contabil \u015fi de contabil autorizat Programa aferent\u0103 examenului de acces la stagiu Sesiuni de examen de acces la stagiu Calendar [&hellip;]<\/p>\n","protected":false},"author":1,"featured_media":7893,"parent":288,"menu_order":0,"comment_status":"closed","ping_status":"closed","template":"visual-builder-template.php","meta":{"footnotes":""},"class_list":["post-572","page","type-page","status-publish","has-post-thumbnail","hentry"],"_links":{"self":[{"href":"https:\/\/ceccarcaras.ro\/ro\/wp-json\/wp\/v2\/pages\/572","targetHints":{"allow":["GET"]}}],"collection":[{"href":"https:\/\/ceccarcaras.ro\/ro\/wp-json\/wp\/v2\/pages"}],"about":[{"href":"https:\/\/ceccarcaras.ro\/ro\/wp-json\/wp\/v2\/types\/page"}],"author":[{"embeddable":true,"href":"https:\/\/ceccarcaras.ro\/ro\/wp-json\/wp\/v2\/users\/1"}],"replies":[{"embeddable":true,"href":"https:\/\/ceccarcaras.ro\/ro\/wp-json\/wp\/v2\/comments?post=572"}],"version-history":[{"count":94,"href":"https:\/\/ceccarcaras.ro\/ro\/wp-json\/wp\/v2\/pages\/572\/revisions"}],"predecessor-version":[{"id":9899,"href":"https:\/\/ceccarcaras.ro\/ro\/wp-json\/wp\/v2\/pages\/572\/revisions\/9899"}],"up":[{"embeddable":true,"href":"https:\/\/ceccarcaras.ro\/ro\/wp-json\/wp\/v2\/pages\/288"}],"wp:featuredmedia":[{"embeddable":true,"href":"https:\/\/ceccarcaras.ro\/ro\/wp-json\/wp\/v2\/media\/7893"}],"wp:attachment":[{"href":"https:\/\/ceccarcaras.ro\/ro\/wp-json\/wp\/v2\/media?parent=572"}],"curies":[{"name":"wp","href":"https:\/\/api.w.org\/{rel}","templated":true}]}}